{"id":5122,"date":"2025-02-19T09:24:52","date_gmt":"2025-02-19T12:24:52","guid":{"rendered":"https:\/\/altoalfuego.cl\/?post_type=product&#038;p=5122"},"modified":"2025-02-19T17:19:52","modified_gmt":"2025-02-19T20:19:52","slug":"gemelo-2x2x2-pulgadas","status":"publish","type":"product","link":"https:\/\/altoalfuego.cl\/index.php\/producto\/gemelo-2x2x2-pulgadas\/","title":{"rendered":"Gemelo 2x2x2 Pulgadas"},"content":{"rendered":"<p>Gemelo o bifurcaci\u00f3n es utilizado en t\u00e9cnicas de extinci\u00f3n para dividir una l\u00ednea de ataque en dos.<\/p>\n<ul>\n<li>Fabricado en aleaci\u00f3n de aluminio fundido.<\/li>\n<li>Pintura ep\u00f3xica al horno anti-corrosiva.<\/li>\n<li>2 v\u00e1lvulas de corte r\u00e1pido de bola de aluminio.<\/li>\n<li>Manillas anat\u00f3micas de traslado<\/li>\n<\/ul>\n","protected":false},"excerpt":{"rendered":"<p>Gemelo o bifurcaci\u00f3n es utilizado en t\u00e9cnicas de extinci\u00f3n para dividir una l\u00ednea de ataque en dos. Fabricado en aleaci\u00f3n de aluminio fundido. Pintura ep\u00f3xica al horno anti-corrosiva. 2 v\u00e1lvulas de corte r\u00e1pido de bola de aluminio. Manillas anat\u00f3micas de traslado<\/p>\n","protected":false},"featured_media":5123,"comment_status":"closed","ping_status":"closed","template":"","meta":[],"product_brand":[],"product_cat":[62],"product_tag":[],"class_list":{"0":"post-5122","1":"product","2":"type-product","3":"status-publish","4":"has-post-thumbnail","6":"product_cat-sin-catalogar","8":"first","9":"instock","10":"taxable","11":"shipping-taxable","12":"purchasable","13":"product-type-simple"},"yoast_head":"<!-- This site is optimized with the Yoast SEO plugin v24.7 - https:\/\/yoast.com\/wordpress\/plugins\/seo\/ -->\n<title>Gemelo 2x2x2 Pulgadas - Alto al Fuego SpA<\/title>\n<meta name=\"robots\" content=\"index, follow, max-snippet:-1, max-image-preview:large, max-video-preview:-1\" \/>\n<link rel=\"canonical\" href=\"https:\/\/altoalfuego.cl\/index.php\/producto\/gemelo-2x2x2-pulgadas\/\" \/>\n<meta property=\"og:locale\" content=\"es_ES\" \/>\n<meta property=\"og:type\" content=\"article\" \/>\n<meta property=\"og:title\" content=\"Gemelo 2x2x2 Pulgadas - Alto al Fuego SpA\" \/>\n<meta property=\"og:description\" content=\"Gemelo o bifurcaci\u00f3n es utilizado en t\u00e9cnicas de extinci\u00f3n para dividir una l\u00ednea de ataque en dos. Fabricado en aleaci\u00f3n de aluminio fundido. Pintura ep\u00f3xica al horno anti-corrosiva. 2 v\u00e1lvulas de corte r\u00e1pido de bola de aluminio. Manillas anat\u00f3micas de traslado\" \/>\n<meta property=\"og:url\" content=\"https:\/\/altoalfuego.cl\/index.php\/producto\/gemelo-2x2x2-pulgadas\/\" \/>\n<meta property=\"og:site_name\" content=\"Alto al Fuego SpA\" \/>\n<meta property=\"article:modified_time\" content=\"2025-02-19T20:19:52+00:00\" \/>\n<meta property=\"og:image\" content=\"https:\/\/altoalfuego.cl\/wp-content\/uploads\/2025\/02\/GEMELO.jpg\" \/>\n\t<meta property=\"og:image:width\" content=\"1315\" \/>\n\t<meta property=\"og:image:height\" content=\"1271\" \/>\n\t<meta property=\"og:image:type\" content=\"image\/jpeg\" \/>\n<meta name=\"twitter:card\" content=\"summary_large_image\" \/>\n<script type=\"application\/ld+json\" class=\"yoast-schema-graph\">{\"@context\":\"https:\/\/schema.org\",\"@graph\":[{\"@type\":\"WebPage\",\"@id\":\"https:\/\/altoalfuego.cl\/index.php\/producto\/gemelo-2x2x2-pulgadas\/\",\"url\":\"https:\/\/altoalfuego.cl\/index.php\/producto\/gemelo-2x2x2-pulgadas\/\",\"name\":\"Gemelo 2x2x2 Pulgadas - Alto al Fuego SpA\",\"isPartOf\":{\"@id\":\"https:\/\/altoalfuego.cl\/#website\"},\"primaryImageOfPage\":{\"@id\":\"https:\/\/altoalfuego.cl\/index.php\/producto\/gemelo-2x2x2-pulgadas\/#primaryimage\"},\"image\":{\"@id\":\"https:\/\/altoalfuego.cl\/index.php\/producto\/gemelo-2x2x2-pulgadas\/#primaryimage\"},\"thumbnailUrl\":\"https:\/\/altoalfuego.cl\/wp-content\/uploads\/2025\/02\/GEMELO.jpg\",\"datePublished\":\"2025-02-19T12:24:52+00:00\",\"dateModified\":\"2025-02-19T20:19:52+00:00\",\"breadcrumb\":{\"@id\":\"https:\/\/altoalfuego.cl\/index.php\/producto\/gemelo-2x2x2-pulgadas\/#breadcrumb\"},\"inLanguage\":\"es\",\"potentialAction\":[{\"@type\":\"ReadAction\",\"target\":[\"https:\/\/altoalfuego.cl\/index.php\/producto\/gemelo-2x2x2-pulgadas\/\"]}]},{\"@type\":\"ImageObject\",\"inLanguage\":\"es\",\"@id\":\"https:\/\/altoalfuego.cl\/index.php\/producto\/gemelo-2x2x2-pulgadas\/#primaryimage\",\"url\":\"https:\/\/altoalfuego.cl\/wp-content\/uploads\/2025\/02\/GEMELO.jpg\",\"contentUrl\":\"https:\/\/altoalfuego.cl\/wp-content\/uploads\/2025\/02\/GEMELO.jpg\",\"width\":1315,\"height\":1271},{\"@type\":\"BreadcrumbList\",\"@id\":\"https:\/\/altoalfuego.cl\/index.php\/producto\/gemelo-2x2x2-pulgadas\/#breadcrumb\",\"itemListElement\":[{\"@type\":\"ListItem\",\"position\":1,\"name\":\"Portada\",\"item\":\"https:\/\/altoalfuego.cl\/\"},{\"@type\":\"ListItem\",\"position\":2,\"name\":\"Tienda\",\"item\":\"https:\/\/altoalfuego.cl\/index.php\/tienda\/\"},{\"@type\":\"ListItem\",\"position\":3,\"name\":\"Gemelo 2x2x2 Pulgadas\"}]},{\"@type\":\"WebSite\",\"@id\":\"https:\/\/altoalfuego.cl\/#website\",\"url\":\"https:\/\/altoalfuego.cl\/\",\"name\":\"Alto al Fuego SpA\",\"description\":\"Carros m\u00f3viles contra incendios, Otorgamos la posibilidad de combatir un incendio desde su inicio, mientras acude el equipo especializado de bomberos\",\"publisher\":{\"@id\":\"https:\/\/altoalfuego.cl\/#organization\"},\"potentialAction\":[{\"@type\":\"SearchAction\",\"target\":{\"@type\":\"EntryPoint\",\"urlTemplate\":\"https:\/\/altoalfuego.cl\/?s={search_term_string}\"},\"query-input\":{\"@type\":\"PropertyValueSpecification\",\"valueRequired\":true,\"valueName\":\"search_term_string\"}}],\"inLanguage\":\"es\"},{\"@type\":\"Organization\",\"@id\":\"https:\/\/altoalfuego.cl\/#organization\",\"name\":\"Alto al Fuego SpA\",\"url\":\"https:\/\/altoalfuego.cl\/\",\"logo\":{\"@type\":\"ImageObject\",\"inLanguage\":\"es\",\"@id\":\"https:\/\/altoalfuego.cl\/#\/schema\/logo\/image\/\",\"url\":\"https:\/\/altoalfuego.cl\/wp-content\/uploads\/2023\/04\/LOGO_BLANCO.jpg\",\"contentUrl\":\"https:\/\/altoalfuego.cl\/wp-content\/uploads\/2023\/04\/LOGO_BLANCO.jpg\",\"width\":1280,\"height\":1122,\"caption\":\"Alto al Fuego SpA\"},\"image\":{\"@id\":\"https:\/\/altoalfuego.cl\/#\/schema\/logo\/image\/\"},\"sameAs\":[\"https:\/\/www.instagram.com\/altoalfuegochile\/\"]}]}<\/script>\n<!-- \/ Yoast SEO plugin. -->","yoast_head_json":{"title":"Gemelo 2x2x2 Pulgadas - Alto al Fuego SpA","robots":{"index":"index","follow":"follow","max-snippet":"max-snippet:-1","max-image-preview":"max-image-preview:large","max-video-preview":"max-video-preview:-1"},"canonical":"https:\/\/altoalfuego.cl\/index.php\/producto\/gemelo-2x2x2-pulgadas\/","og_locale":"es_ES","og_type":"article","og_title":"Gemelo 2x2x2 Pulgadas - Alto al Fuego SpA","og_description":"Gemelo o bifurcaci\u00f3n es utilizado en t\u00e9cnicas de extinci\u00f3n para dividir una l\u00ednea de ataque en dos. Fabricado en aleaci\u00f3n de aluminio fundido. Pintura ep\u00f3xica al horno anti-corrosiva. 2 v\u00e1lvulas de corte r\u00e1pido de bola de aluminio. Manillas anat\u00f3micas de traslado","og_url":"https:\/\/altoalfuego.cl\/index.php\/producto\/gemelo-2x2x2-pulgadas\/","og_site_name":"Alto al Fuego SpA","article_modified_time":"2025-02-19T20:19:52+00:00","og_image":[{"width":1315,"height":1271,"url":"https:\/\/altoalfuego.cl\/wp-content\/uploads\/2025\/02\/GEMELO.jpg","type":"image\/jpeg"}],"twitter_card":"summary_large_image","schema":{"@context":"https:\/\/schema.org","@graph":[{"@type":"WebPage","@id":"https:\/\/altoalfuego.cl\/index.php\/producto\/gemelo-2x2x2-pulgadas\/","url":"https:\/\/altoalfuego.cl\/index.php\/producto\/gemelo-2x2x2-pulgadas\/","name":"Gemelo 2x2x2 Pulgadas - Alto al Fuego SpA","isPartOf":{"@id":"https:\/\/altoalfuego.cl\/#website"},"primaryImageOfPage":{"@id":"https:\/\/altoalfuego.cl\/index.php\/producto\/gemelo-2x2x2-pulgadas\/#primaryimage"},"image":{"@id":"https:\/\/altoalfuego.cl\/index.php\/producto\/gemelo-2x2x2-pulgadas\/#primaryimage"},"thumbnailUrl":"https:\/\/altoalfuego.cl\/wp-content\/uploads\/2025\/02\/GEMELO.jpg","datePublished":"2025-02-19T12:24:52+00:00","dateModified":"2025-02-19T20:19:52+00:00","breadcrumb":{"@id":"https:\/\/altoalfuego.cl\/index.php\/producto\/gemelo-2x2x2-pulgadas\/#breadcrumb"},"inLanguage":"es","potentialAction":[{"@type":"ReadAction","target":["https:\/\/altoalfuego.cl\/index.php\/producto\/gemelo-2x2x2-pulgadas\/"]}]},{"@type":"ImageObject","inLanguage":"es","@id":"https:\/\/altoalfuego.cl\/index.php\/producto\/gemelo-2x2x2-pulgadas\/#primaryimage","url":"https:\/\/altoalfuego.cl\/wp-content\/uploads\/2025\/02\/GEMELO.jpg","contentUrl":"https:\/\/altoalfuego.cl\/wp-content\/uploads\/2025\/02\/GEMELO.jpg","width":1315,"height":1271},{"@type":"BreadcrumbList","@id":"https:\/\/altoalfuego.cl\/index.php\/producto\/gemelo-2x2x2-pulgadas\/#breadcrumb","itemListElement":[{"@type":"ListItem","position":1,"name":"Portada","item":"https:\/\/altoalfuego.cl\/"},{"@type":"ListItem","position":2,"name":"Tienda","item":"https:\/\/altoalfuego.cl\/index.php\/tienda\/"},{"@type":"ListItem","position":3,"name":"Gemelo 2x2x2 Pulgadas"}]},{"@type":"WebSite","@id":"https:\/\/altoalfuego.cl\/#website","url":"https:\/\/altoalfuego.cl\/","name":"Alto al Fuego SpA","description":"Carros m\u00f3viles contra incendios, Otorgamos la posibilidad de combatir un incendio desde su inicio, mientras acude el equipo especializado de bomberos","publisher":{"@id":"https:\/\/altoalfuego.cl\/#organization"},"potentialAction":[{"@type":"SearchAction","target":{"@type":"EntryPoint","urlTemplate":"https:\/\/altoalfuego.cl\/?s={search_term_string}"},"query-input":{"@type":"PropertyValueSpecification","valueRequired":true,"valueName":"search_term_string"}}],"inLanguage":"es"},{"@type":"Organization","@id":"https:\/\/altoalfuego.cl\/#organization","name":"Alto al Fuego SpA","url":"https:\/\/altoalfuego.cl\/","logo":{"@type":"ImageObject","inLanguage":"es","@id":"https:\/\/altoalfuego.cl\/#\/schema\/logo\/image\/","url":"https:\/\/altoalfuego.cl\/wp-content\/uploads\/2023\/04\/LOGO_BLANCO.jpg","contentUrl":"https:\/\/altoalfuego.cl\/wp-content\/uploads\/2023\/04\/LOGO_BLANCO.jpg","width":1280,"height":1122,"caption":"Alto al Fuego SpA"},"image":{"@id":"https:\/\/altoalfuego.cl\/#\/schema\/logo\/image\/"},"sameAs":["https:\/\/www.instagram.com\/altoalfuegochile\/"]}]}},"_links":{"self":[{"href":"https:\/\/altoalfuego.cl\/index.php\/wp-json\/wp\/v2\/product\/5122","targetHints":{"allow":["GET"]}}],"collection":[{"href":"https:\/\/altoalfuego.cl\/index.php\/wp-json\/wp\/v2\/product"}],"about":[{"href":"https:\/\/altoalfuego.cl\/index.php\/wp-json\/wp\/v2\/types\/product"}],"replies":[{"embeddable":true,"href":"https:\/\/altoalfuego.cl\/index.php\/wp-json\/wp\/v2\/comments?post=5122"}],"wp:featuredmedia":[{"embeddable":true,"href":"https:\/\/altoalfuego.cl\/index.php\/wp-json\/wp\/v2\/media\/5123"}],"wp:attachment":[{"href":"https:\/\/altoalfuego.cl\/index.php\/wp-json\/wp\/v2\/media?parent=5122"}],"wp:term":[{"taxonomy":"product_brand","embeddable":true,"href":"https:\/\/altoalfuego.cl\/index.php\/wp-json\/wp\/v2\/product_brand?post=5122"},{"taxonomy":"product_cat","embeddable":true,"href":"https:\/\/altoalfuego.cl\/index.php\/wp-json\/wp\/v2\/product_cat?post=5122"},{"taxonomy":"product_tag","embeddable":true,"href":"https:\/\/altoalfuego.cl\/index.php\/wp-json\/wp\/v2\/product_tag?post=5122"}],"curies":[{"name":"wp","href":"https:\/\/api.w.org\/{rel}","templated":true}]}}