{"id":4534,"date":"2023-11-02T18:53:39","date_gmt":"2023-11-02T18:53:39","guid":{"rendered":"https:\/\/altoalfuego.cl\/?post_type=product&#038;p=4534"},"modified":"2026-01-14T01:13:12","modified_gmt":"2026-01-14T04:13:12","slug":"manguera-succion-5-ml-con-filtro-y-union-storz-armada-y-lista","status":"publish","type":"product","link":"https:\/\/altoalfuego.cl\/index.php\/producto\/manguera-succion-5-ml-con-filtro-y-union-storz-armada-y-lista\/","title":{"rendered":"Manguera Succi\u00f3n de 2 Pulgadas, 5 ml con Filtro y uni\u00f3n storz, armada y lista,"},"content":{"rendered":"<p>Fabricada con una superficie lisa interior, el material PVC flexible tiene incorporado un anillo de refuerzo indeformable para evitar los quiebres o mordeduras en comparaci\u00f3n con sus pares planas o simples. Tambi\u00e9n es utilizada para realizar tareas de trasvase y conducci\u00f3n de productos qu\u00edmicos considerados como materiales peligrosos y l\u00edquidos en general.<\/p>\n","protected":false},"excerpt":{"rendered":"<p>Fabricada con una superficie lisa interior, el material PVC flexible tiene incorporado un anillo de refuerzo indeformable para evitar los quiebres o mordeduras en comparaci\u00f3n con sus pares planas o simples. Tambi\u00e9n es utilizada para realizar tareas de trasvase y conducci\u00f3n de productos qu\u00edmicos considerados como materiales peligrosos y l\u00edquidos en general.<\/p>\n","protected":false},"featured_media":5128,"comment_status":"closed","ping_status":"closed","template":"","meta":[],"product_brand":[],"product_cat":[109],"product_tag":[],"class_list":{"0":"post-4534","1":"product","2":"type-product","3":"status-publish","4":"has-post-thumbnail","6":"product_cat-accesorios","8":"first","9":"instock","10":"taxable","11":"shipping-taxable","12":"purchasable","13":"product-type-simple"},"yoast_head":"<!-- This site is optimized with the Yoast SEO plugin v24.7 - https:\/\/yoast.com\/wordpress\/plugins\/seo\/ -->\n<title>Manguera Succi\u00f3n de 2 Pulgadas, 5 ml con Filtro y uni\u00f3n storz, armada y lista, - Alto al Fuego SpA<\/title>\n<meta name=\"robots\" content=\"index, follow, max-snippet:-1, max-image-preview:large, max-video-preview:-1\" \/>\n<link rel=\"canonical\" href=\"https:\/\/altoalfuego.cl\/index.php\/producto\/manguera-succion-5-ml-con-filtro-y-union-storz-armada-y-lista\/\" \/>\n<meta property=\"og:locale\" content=\"es_ES\" \/>\n<meta property=\"og:type\" content=\"article\" \/>\n<meta property=\"og:title\" content=\"Manguera Succi\u00f3n de 2 Pulgadas, 5 ml con Filtro y uni\u00f3n storz, armada y lista, - Alto al Fuego SpA\" \/>\n<meta property=\"og:description\" content=\"Fabricada con una superficie lisa interior, el material PVC flexible tiene incorporado un anillo de refuerzo indeformable para evitar los quiebres o mordeduras en comparaci\u00f3n con sus pares planas o simples. Tambi\u00e9n es utilizada para realizar tareas de trasvase y conducci\u00f3n de productos qu\u00edmicos considerados como materiales peligrosos y l\u00edquidos en general.\" \/>\n<meta property=\"og:url\" content=\"https:\/\/altoalfuego.cl\/index.php\/producto\/manguera-succion-5-ml-con-filtro-y-union-storz-armada-y-lista\/\" \/>\n<meta property=\"og:site_name\" content=\"Alto al Fuego SpA\" \/>\n<meta property=\"article:modified_time\" content=\"2026-01-14T04:13:12+00:00\" \/>\n<meta property=\"og:image\" content=\"https:\/\/altoalfuego.cl\/wp-content\/uploads\/2023\/11\/7.jpg\" \/>\n\t<meta property=\"og:image:width\" content=\"1315\" \/>\n\t<meta property=\"og:image:height\" content=\"1271\" \/>\n\t<meta property=\"og:image:type\" content=\"image\/jpeg\" \/>\n<meta name=\"twitter:card\" content=\"summary_large_image\" \/>\n<meta name=\"twitter:label1\" content=\"Tiempo de lectura\" \/>\n\t<meta name=\"twitter:data1\" content=\"1 minuto\" \/>\n<script type=\"application\/ld+json\" class=\"yoast-schema-graph\">{\"@context\":\"https:\/\/schema.org\",\"@graph\":[{\"@type\":\"WebPage\",\"@id\":\"https:\/\/altoalfuego.cl\/index.php\/producto\/manguera-succion-5-ml-con-filtro-y-union-storz-armada-y-lista\/\",\"url\":\"https:\/\/altoalfuego.cl\/index.php\/producto\/manguera-succion-5-ml-con-filtro-y-union-storz-armada-y-lista\/\",\"name\":\"Manguera Succi\u00f3n de 2 Pulgadas, 5 ml con Filtro y uni\u00f3n storz, armada y lista, - Alto al Fuego SpA\",\"isPartOf\":{\"@id\":\"https:\/\/altoalfuego.cl\/#website\"},\"primaryImageOfPage\":{\"@id\":\"https:\/\/altoalfuego.cl\/index.php\/producto\/manguera-succion-5-ml-con-filtro-y-union-storz-armada-y-lista\/#primaryimage\"},\"image\":{\"@id\":\"https:\/\/altoalfuego.cl\/index.php\/producto\/manguera-succion-5-ml-con-filtro-y-union-storz-armada-y-lista\/#primaryimage\"},\"thumbnailUrl\":\"https:\/\/altoalfuego.cl\/wp-content\/uploads\/2023\/11\/7.jpg\",\"datePublished\":\"2023-11-02T18:53:39+00:00\",\"dateModified\":\"2026-01-14T04:13:12+00:00\",\"breadcrumb\":{\"@id\":\"https:\/\/altoalfuego.cl\/index.php\/producto\/manguera-succion-5-ml-con-filtro-y-union-storz-armada-y-lista\/#breadcrumb\"},\"inLanguage\":\"es\",\"potentialAction\":[{\"@type\":\"ReadAction\",\"target\":[\"https:\/\/altoalfuego.cl\/index.php\/producto\/manguera-succion-5-ml-con-filtro-y-union-storz-armada-y-lista\/\"]}]},{\"@type\":\"ImageObject\",\"inLanguage\":\"es\",\"@id\":\"https:\/\/altoalfuego.cl\/index.php\/producto\/manguera-succion-5-ml-con-filtro-y-union-storz-armada-y-lista\/#primaryimage\",\"url\":\"https:\/\/altoalfuego.cl\/wp-content\/uploads\/2023\/11\/7.jpg\",\"contentUrl\":\"https:\/\/altoalfuego.cl\/wp-content\/uploads\/2023\/11\/7.jpg\",\"width\":1315,\"height\":1271},{\"@type\":\"BreadcrumbList\",\"@id\":\"https:\/\/altoalfuego.cl\/index.php\/producto\/manguera-succion-5-ml-con-filtro-y-union-storz-armada-y-lista\/#breadcrumb\",\"itemListElement\":[{\"@type\":\"ListItem\",\"position\":1,\"name\":\"Portada\",\"item\":\"https:\/\/altoalfuego.cl\/\"},{\"@type\":\"ListItem\",\"position\":2,\"name\":\"Tienda\",\"item\":\"https:\/\/altoalfuego.cl\/index.php\/tienda\/\"},{\"@type\":\"ListItem\",\"position\":3,\"name\":\"Manguera Succi\u00f3n de 2 Pulgadas, 5 ml con Filtro y uni\u00f3n storz, armada y lista,\"}]},{\"@type\":\"WebSite\",\"@id\":\"https:\/\/altoalfuego.cl\/#website\",\"url\":\"https:\/\/altoalfuego.cl\/\",\"name\":\"Alto al Fuego SpA\",\"description\":\"Carros m\u00f3viles contra incendios, Otorgamos la posibilidad de combatir un incendio desde su inicio, mientras acude el equipo especializado de bomberos\",\"publisher\":{\"@id\":\"https:\/\/altoalfuego.cl\/#organization\"},\"potentialAction\":[{\"@type\":\"SearchAction\",\"target\":{\"@type\":\"EntryPoint\",\"urlTemplate\":\"https:\/\/altoalfuego.cl\/?s={search_term_string}\"},\"query-input\":{\"@type\":\"PropertyValueSpecification\",\"valueRequired\":true,\"valueName\":\"search_term_string\"}}],\"inLanguage\":\"es\"},{\"@type\":\"Organization\",\"@id\":\"https:\/\/altoalfuego.cl\/#organization\",\"name\":\"Alto al Fuego SpA\",\"url\":\"https:\/\/altoalfuego.cl\/\",\"logo\":{\"@type\":\"ImageObject\",\"inLanguage\":\"es\",\"@id\":\"https:\/\/altoalfuego.cl\/#\/schema\/logo\/image\/\",\"url\":\"https:\/\/altoalfuego.cl\/wp-content\/uploads\/2023\/04\/LOGO_BLANCO.jpg\",\"contentUrl\":\"https:\/\/altoalfuego.cl\/wp-content\/uploads\/2023\/04\/LOGO_BLANCO.jpg\",\"width\":1280,\"height\":1122,\"caption\":\"Alto al Fuego SpA\"},\"image\":{\"@id\":\"https:\/\/altoalfuego.cl\/#\/schema\/logo\/image\/\"},\"sameAs\":[\"https:\/\/www.instagram.com\/altoalfuegochile\/\"]}]}<\/script>\n<!-- \/ Yoast SEO plugin. -->","yoast_head_json":{"title":"Manguera Succi\u00f3n de 2 Pulgadas, 5 ml con Filtro y uni\u00f3n storz, armada y lista, - Alto al Fuego SpA","robots":{"index":"index","follow":"follow","max-snippet":"max-snippet:-1","max-image-preview":"max-image-preview:large","max-video-preview":"max-video-preview:-1"},"canonical":"https:\/\/altoalfuego.cl\/index.php\/producto\/manguera-succion-5-ml-con-filtro-y-union-storz-armada-y-lista\/","og_locale":"es_ES","og_type":"article","og_title":"Manguera Succi\u00f3n de 2 Pulgadas, 5 ml con Filtro y uni\u00f3n storz, armada y lista, - Alto al Fuego SpA","og_description":"Fabricada con una superficie lisa interior, el material PVC flexible tiene incorporado un anillo de refuerzo indeformable para evitar los quiebres o mordeduras en comparaci\u00f3n con sus pares planas o simples. Tambi\u00e9n es utilizada para realizar tareas de trasvase y conducci\u00f3n de productos qu\u00edmicos considerados como materiales peligrosos y l\u00edquidos en general.","og_url":"https:\/\/altoalfuego.cl\/index.php\/producto\/manguera-succion-5-ml-con-filtro-y-union-storz-armada-y-lista\/","og_site_name":"Alto al Fuego SpA","article_modified_time":"2026-01-14T04:13:12+00:00","og_image":[{"width":1315,"height":1271,"url":"https:\/\/altoalfuego.cl\/wp-content\/uploads\/2023\/11\/7.jpg","type":"image\/jpeg"}],"twitter_card":"summary_large_image","twitter_misc":{"Tiempo de lectura":"1 minuto"},"schema":{"@context":"https:\/\/schema.org","@graph":[{"@type":"WebPage","@id":"https:\/\/altoalfuego.cl\/index.php\/producto\/manguera-succion-5-ml-con-filtro-y-union-storz-armada-y-lista\/","url":"https:\/\/altoalfuego.cl\/index.php\/producto\/manguera-succion-5-ml-con-filtro-y-union-storz-armada-y-lista\/","name":"Manguera Succi\u00f3n de 2 Pulgadas, 5 ml con Filtro y uni\u00f3n storz, armada y lista, - Alto al Fuego SpA","isPartOf":{"@id":"https:\/\/altoalfuego.cl\/#website"},"primaryImageOfPage":{"@id":"https:\/\/altoalfuego.cl\/index.php\/producto\/manguera-succion-5-ml-con-filtro-y-union-storz-armada-y-lista\/#primaryimage"},"image":{"@id":"https:\/\/altoalfuego.cl\/index.php\/producto\/manguera-succion-5-ml-con-filtro-y-union-storz-armada-y-lista\/#primaryimage"},"thumbnailUrl":"https:\/\/altoalfuego.cl\/wp-content\/uploads\/2023\/11\/7.jpg","datePublished":"2023-11-02T18:53:39+00:00","dateModified":"2026-01-14T04:13:12+00:00","breadcrumb":{"@id":"https:\/\/altoalfuego.cl\/index.php\/producto\/manguera-succion-5-ml-con-filtro-y-union-storz-armada-y-lista\/#breadcrumb"},"inLanguage":"es","potentialAction":[{"@type":"ReadAction","target":["https:\/\/altoalfuego.cl\/index.php\/producto\/manguera-succion-5-ml-con-filtro-y-union-storz-armada-y-lista\/"]}]},{"@type":"ImageObject","inLanguage":"es","@id":"https:\/\/altoalfuego.cl\/index.php\/producto\/manguera-succion-5-ml-con-filtro-y-union-storz-armada-y-lista\/#primaryimage","url":"https:\/\/altoalfuego.cl\/wp-content\/uploads\/2023\/11\/7.jpg","contentUrl":"https:\/\/altoalfuego.cl\/wp-content\/uploads\/2023\/11\/7.jpg","width":1315,"height":1271},{"@type":"BreadcrumbList","@id":"https:\/\/altoalfuego.cl\/index.php\/producto\/manguera-succion-5-ml-con-filtro-y-union-storz-armada-y-lista\/#breadcrumb","itemListElement":[{"@type":"ListItem","position":1,"name":"Portada","item":"https:\/\/altoalfuego.cl\/"},{"@type":"ListItem","position":2,"name":"Tienda","item":"https:\/\/altoalfuego.cl\/index.php\/tienda\/"},{"@type":"ListItem","position":3,"name":"Manguera Succi\u00f3n de 2 Pulgadas, 5 ml con Filtro y uni\u00f3n storz, armada y lista,"}]},{"@type":"WebSite","@id":"https:\/\/altoalfuego.cl\/#website","url":"https:\/\/altoalfuego.cl\/","name":"Alto al Fuego SpA","description":"Carros m\u00f3viles contra incendios, Otorgamos la posibilidad de combatir un incendio desde su inicio, mientras acude el equipo especializado de bomberos","publisher":{"@id":"https:\/\/altoalfuego.cl\/#organization"},"potentialAction":[{"@type":"SearchAction","target":{"@type":"EntryPoint","urlTemplate":"https:\/\/altoalfuego.cl\/?s={search_term_string}"},"query-input":{"@type":"PropertyValueSpecification","valueRequired":true,"valueName":"search_term_string"}}],"inLanguage":"es"},{"@type":"Organization","@id":"https:\/\/altoalfuego.cl\/#organization","name":"Alto al Fuego SpA","url":"https:\/\/altoalfuego.cl\/","logo":{"@type":"ImageObject","inLanguage":"es","@id":"https:\/\/altoalfuego.cl\/#\/schema\/logo\/image\/","url":"https:\/\/altoalfuego.cl\/wp-content\/uploads\/2023\/04\/LOGO_BLANCO.jpg","contentUrl":"https:\/\/altoalfuego.cl\/wp-content\/uploads\/2023\/04\/LOGO_BLANCO.jpg","width":1280,"height":1122,"caption":"Alto al Fuego SpA"},"image":{"@id":"https:\/\/altoalfuego.cl\/#\/schema\/logo\/image\/"},"sameAs":["https:\/\/www.instagram.com\/altoalfuegochile\/"]}]}},"_links":{"self":[{"href":"https:\/\/altoalfuego.cl\/index.php\/wp-json\/wp\/v2\/product\/4534","targetHints":{"allow":["GET"]}}],"collection":[{"href":"https:\/\/altoalfuego.cl\/index.php\/wp-json\/wp\/v2\/product"}],"about":[{"href":"https:\/\/altoalfuego.cl\/index.php\/wp-json\/wp\/v2\/types\/product"}],"replies":[{"embeddable":true,"href":"https:\/\/altoalfuego.cl\/index.php\/wp-json\/wp\/v2\/comments?post=4534"}],"wp:featuredmedia":[{"embeddable":true,"href":"https:\/\/altoalfuego.cl\/index.php\/wp-json\/wp\/v2\/media\/5128"}],"wp:attachment":[{"href":"https:\/\/altoalfuego.cl\/index.php\/wp-json\/wp\/v2\/media?parent=4534"}],"wp:term":[{"taxonomy":"product_brand","embeddable":true,"href":"https:\/\/altoalfuego.cl\/index.php\/wp-json\/wp\/v2\/product_brand?post=4534"},{"taxonomy":"product_cat","embeddable":true,"href":"https:\/\/altoalfuego.cl\/index.php\/wp-json\/wp\/v2\/product_cat?post=4534"},{"taxonomy":"product_tag","embeddable":true,"href":"https:\/\/altoalfuego.cl\/index.php\/wp-json\/wp\/v2\/product_tag?post=4534"}],"curies":[{"name":"wp","href":"https:\/\/api.w.org\/{rel}","templated":true}]}}