{"id":4260,"date":"2023-10-11T20:22:51","date_gmt":"2023-10-11T20:22:51","guid":{"rendered":"https:\/\/altoalfuego.cl\/?post_type=product&#038;p=4260"},"modified":"2025-02-19T17:20:53","modified_gmt":"2025-02-19T20:20:53","slug":"piton-3-posiciones-storz-c-palanca","status":"publish","type":"product","link":"https:\/\/altoalfuego.cl\/index.php\/producto\/piton-3-posiciones-storz-c-palanca\/","title":{"rendered":"Pit\u00f3n 3 Posiciones Storz C\/Palanca"},"content":{"rendered":"<p>Una boquilla tubular larga m\u00e1s una v\u00e1lvula de bola con dise\u00f1o, permite que este pit\u00f3n a pesar de su forma tubular entregue triple efecto de flujo. Hoy en d\u00eda este modelo se mantiene vigente, y es el favorito para las competencias y demostraciones de habilidades Bomberiles.<\/p>\n<ul>\n<li>Construido en duro aluminio.<\/li>\n<li>V\u00e1lvula de bola triple efecto de aluminio.<\/li>\n<li>Tipos de chorros: directo\/cono\/neblina y corte.<\/li>\n<li>Mango de goma en boquilla tubular.<\/li>\n<li>Asa de apertura de aluminio.<\/li>\n<li>Garant\u00edas por fallas de f\u00e1brica de 1 a\u00f1o.<\/li>\n<\/ul>\n<h4>Especificaciones<\/h4>\n<table>\n<tbody>\n<tr>\n<td width=\"299\">Presi\u00f3n de trabajo<\/td>\n<td width=\"299\">100 psi \/ 7 bar<\/td>\n<\/tr>\n<\/tbody>\n<\/table>\n","protected":false},"excerpt":{"rendered":"<p>Una boquilla tubular larga m\u00e1s una v\u00e1lvula de bola con dise\u00f1o, permite que este pit\u00f3n a pesar de su forma tubular entregue triple efecto de flujo. Hoy en d\u00eda este modelo se mantiene vigente, y es el favorito para las competencias y demostraciones de habilidades Bomberiles. Construido en duro aluminio. V\u00e1lvula de bola triple efecto [&hellip;]<\/p>\n","protected":false},"featured_media":5129,"comment_status":"closed","ping_status":"closed","template":"","meta":[],"product_brand":[],"product_cat":[109],"product_tag":[],"class_list":{"0":"post-4260","1":"product","2":"type-product","3":"status-publish","4":"has-post-thumbnail","6":"product_cat-accesorios","8":"first","9":"instock","10":"taxable","11":"shipping-taxable","12":"purchasable","13":"product-type-simple"},"yoast_head":"<!-- This site is optimized with the Yoast SEO plugin v24.7 - https:\/\/yoast.com\/wordpress\/plugins\/seo\/ -->\n<title>Pit\u00f3n 3 Posiciones Storz C\/Palanca - Alto al Fuego SpA<\/title>\n<meta name=\"robots\" content=\"index, follow, max-snippet:-1, max-image-preview:large, max-video-preview:-1\" \/>\n<link rel=\"canonical\" href=\"https:\/\/altoalfuego.cl\/index.php\/producto\/piton-3-posiciones-storz-c-palanca\/\" \/>\n<meta property=\"og:locale\" content=\"es_ES\" \/>\n<meta property=\"og:type\" content=\"article\" \/>\n<meta property=\"og:title\" content=\"Pit\u00f3n 3 Posiciones Storz C\/Palanca - Alto al Fuego SpA\" \/>\n<meta property=\"og:description\" content=\"Una boquilla tubular larga m\u00e1s una v\u00e1lvula de bola con dise\u00f1o, permite que este pit\u00f3n a pesar de su forma tubular entregue triple efecto de flujo. Hoy en d\u00eda este modelo se mantiene vigente, y es el favorito para las competencias y demostraciones de habilidades Bomberiles. Construido en duro aluminio. V\u00e1lvula de bola triple efecto [&hellip;]\" \/>\n<meta property=\"og:url\" content=\"https:\/\/altoalfuego.cl\/index.php\/producto\/piton-3-posiciones-storz-c-palanca\/\" \/>\n<meta property=\"og:site_name\" content=\"Alto al Fuego SpA\" \/>\n<meta property=\"article:modified_time\" content=\"2025-02-19T20:20:53+00:00\" \/>\n<meta property=\"og:image\" content=\"https:\/\/altoalfuego.cl\/wp-content\/uploads\/2023\/11\/6.jpg\" \/>\n\t<meta property=\"og:image:width\" content=\"1315\" \/>\n\t<meta property=\"og:image:height\" content=\"1271\" \/>\n\t<meta property=\"og:image:type\" content=\"image\/jpeg\" \/>\n<meta name=\"twitter:card\" content=\"summary_large_image\" \/>\n<script type=\"application\/ld+json\" class=\"yoast-schema-graph\">{\"@context\":\"https:\/\/schema.org\",\"@graph\":[{\"@type\":\"WebPage\",\"@id\":\"https:\/\/altoalfuego.cl\/index.php\/producto\/piton-3-posiciones-storz-c-palanca\/\",\"url\":\"https:\/\/altoalfuego.cl\/index.php\/producto\/piton-3-posiciones-storz-c-palanca\/\",\"name\":\"Pit\u00f3n 3 Posiciones Storz C\/Palanca - Alto al Fuego SpA\",\"isPartOf\":{\"@id\":\"https:\/\/altoalfuego.cl\/#website\"},\"primaryImageOfPage\":{\"@id\":\"https:\/\/altoalfuego.cl\/index.php\/producto\/piton-3-posiciones-storz-c-palanca\/#primaryimage\"},\"image\":{\"@id\":\"https:\/\/altoalfuego.cl\/index.php\/producto\/piton-3-posiciones-storz-c-palanca\/#primaryimage\"},\"thumbnailUrl\":\"https:\/\/altoalfuego.cl\/wp-content\/uploads\/2023\/11\/6.jpg\",\"datePublished\":\"2023-10-11T20:22:51+00:00\",\"dateModified\":\"2025-02-19T20:20:53+00:00\",\"breadcrumb\":{\"@id\":\"https:\/\/altoalfuego.cl\/index.php\/producto\/piton-3-posiciones-storz-c-palanca\/#breadcrumb\"},\"inLanguage\":\"es\",\"potentialAction\":[{\"@type\":\"ReadAction\",\"target\":[\"https:\/\/altoalfuego.cl\/index.php\/producto\/piton-3-posiciones-storz-c-palanca\/\"]}]},{\"@type\":\"ImageObject\",\"inLanguage\":\"es\",\"@id\":\"https:\/\/altoalfuego.cl\/index.php\/producto\/piton-3-posiciones-storz-c-palanca\/#primaryimage\",\"url\":\"https:\/\/altoalfuego.cl\/wp-content\/uploads\/2023\/11\/6.jpg\",\"contentUrl\":\"https:\/\/altoalfuego.cl\/wp-content\/uploads\/2023\/11\/6.jpg\",\"width\":1315,\"height\":1271},{\"@type\":\"BreadcrumbList\",\"@id\":\"https:\/\/altoalfuego.cl\/index.php\/producto\/piton-3-posiciones-storz-c-palanca\/#breadcrumb\",\"itemListElement\":[{\"@type\":\"ListItem\",\"position\":1,\"name\":\"Portada\",\"item\":\"https:\/\/altoalfuego.cl\/\"},{\"@type\":\"ListItem\",\"position\":2,\"name\":\"Tienda\",\"item\":\"https:\/\/altoalfuego.cl\/index.php\/tienda\/\"},{\"@type\":\"ListItem\",\"position\":3,\"name\":\"Pit\u00f3n 3 Posiciones Storz C\/Palanca\"}]},{\"@type\":\"WebSite\",\"@id\":\"https:\/\/altoalfuego.cl\/#website\",\"url\":\"https:\/\/altoalfuego.cl\/\",\"name\":\"Alto al Fuego SpA\",\"description\":\"Carros m\u00f3viles contra incendios, Otorgamos la posibilidad de combatir un incendio desde su inicio, mientras acude el equipo especializado de bomberos\",\"publisher\":{\"@id\":\"https:\/\/altoalfuego.cl\/#organization\"},\"potentialAction\":[{\"@type\":\"SearchAction\",\"target\":{\"@type\":\"EntryPoint\",\"urlTemplate\":\"https:\/\/altoalfuego.cl\/?s={search_term_string}\"},\"query-input\":{\"@type\":\"PropertyValueSpecification\",\"valueRequired\":true,\"valueName\":\"search_term_string\"}}],\"inLanguage\":\"es\"},{\"@type\":\"Organization\",\"@id\":\"https:\/\/altoalfuego.cl\/#organization\",\"name\":\"Alto al Fuego SpA\",\"url\":\"https:\/\/altoalfuego.cl\/\",\"logo\":{\"@type\":\"ImageObject\",\"inLanguage\":\"es\",\"@id\":\"https:\/\/altoalfuego.cl\/#\/schema\/logo\/image\/\",\"url\":\"https:\/\/altoalfuego.cl\/wp-content\/uploads\/2023\/04\/LOGO_BLANCO.jpg\",\"contentUrl\":\"https:\/\/altoalfuego.cl\/wp-content\/uploads\/2023\/04\/LOGO_BLANCO.jpg\",\"width\":1280,\"height\":1122,\"caption\":\"Alto al Fuego SpA\"},\"image\":{\"@id\":\"https:\/\/altoalfuego.cl\/#\/schema\/logo\/image\/\"},\"sameAs\":[\"https:\/\/www.instagram.com\/altoalfuegochile\/\"]}]}<\/script>\n<!-- \/ Yoast SEO plugin. -->","yoast_head_json":{"title":"Pit\u00f3n 3 Posiciones Storz C\/Palanca - Alto al Fuego SpA","robots":{"index":"index","follow":"follow","max-snippet":"max-snippet:-1","max-image-preview":"max-image-preview:large","max-video-preview":"max-video-preview:-1"},"canonical":"https:\/\/altoalfuego.cl\/index.php\/producto\/piton-3-posiciones-storz-c-palanca\/","og_locale":"es_ES","og_type":"article","og_title":"Pit\u00f3n 3 Posiciones Storz C\/Palanca - Alto al Fuego SpA","og_description":"Una boquilla tubular larga m\u00e1s una v\u00e1lvula de bola con dise\u00f1o, permite que este pit\u00f3n a pesar de su forma tubular entregue triple efecto de flujo. Hoy en d\u00eda este modelo se mantiene vigente, y es el favorito para las competencias y demostraciones de habilidades Bomberiles. Construido en duro aluminio. V\u00e1lvula de bola triple efecto [&hellip;]","og_url":"https:\/\/altoalfuego.cl\/index.php\/producto\/piton-3-posiciones-storz-c-palanca\/","og_site_name":"Alto al Fuego SpA","article_modified_time":"2025-02-19T20:20:53+00:00","og_image":[{"width":1315,"height":1271,"url":"https:\/\/altoalfuego.cl\/wp-content\/uploads\/2023\/11\/6.jpg","type":"image\/jpeg"}],"twitter_card":"summary_large_image","schema":{"@context":"https:\/\/schema.org","@graph":[{"@type":"WebPage","@id":"https:\/\/altoalfuego.cl\/index.php\/producto\/piton-3-posiciones-storz-c-palanca\/","url":"https:\/\/altoalfuego.cl\/index.php\/producto\/piton-3-posiciones-storz-c-palanca\/","name":"Pit\u00f3n 3 Posiciones Storz C\/Palanca - Alto al Fuego SpA","isPartOf":{"@id":"https:\/\/altoalfuego.cl\/#website"},"primaryImageOfPage":{"@id":"https:\/\/altoalfuego.cl\/index.php\/producto\/piton-3-posiciones-storz-c-palanca\/#primaryimage"},"image":{"@id":"https:\/\/altoalfuego.cl\/index.php\/producto\/piton-3-posiciones-storz-c-palanca\/#primaryimage"},"thumbnailUrl":"https:\/\/altoalfuego.cl\/wp-content\/uploads\/2023\/11\/6.jpg","datePublished":"2023-10-11T20:22:51+00:00","dateModified":"2025-02-19T20:20:53+00:00","breadcrumb":{"@id":"https:\/\/altoalfuego.cl\/index.php\/producto\/piton-3-posiciones-storz-c-palanca\/#breadcrumb"},"inLanguage":"es","potentialAction":[{"@type":"ReadAction","target":["https:\/\/altoalfuego.cl\/index.php\/producto\/piton-3-posiciones-storz-c-palanca\/"]}]},{"@type":"ImageObject","inLanguage":"es","@id":"https:\/\/altoalfuego.cl\/index.php\/producto\/piton-3-posiciones-storz-c-palanca\/#primaryimage","url":"https:\/\/altoalfuego.cl\/wp-content\/uploads\/2023\/11\/6.jpg","contentUrl":"https:\/\/altoalfuego.cl\/wp-content\/uploads\/2023\/11\/6.jpg","width":1315,"height":1271},{"@type":"BreadcrumbList","@id":"https:\/\/altoalfuego.cl\/index.php\/producto\/piton-3-posiciones-storz-c-palanca\/#breadcrumb","itemListElement":[{"@type":"ListItem","position":1,"name":"Portada","item":"https:\/\/altoalfuego.cl\/"},{"@type":"ListItem","position":2,"name":"Tienda","item":"https:\/\/altoalfuego.cl\/index.php\/tienda\/"},{"@type":"ListItem","position":3,"name":"Pit\u00f3n 3 Posiciones Storz C\/Palanca"}]},{"@type":"WebSite","@id":"https:\/\/altoalfuego.cl\/#website","url":"https:\/\/altoalfuego.cl\/","name":"Alto al Fuego SpA","description":"Carros m\u00f3viles contra incendios, Otorgamos la posibilidad de combatir un incendio desde su inicio, mientras acude el equipo especializado de bomberos","publisher":{"@id":"https:\/\/altoalfuego.cl\/#organization"},"potentialAction":[{"@type":"SearchAction","target":{"@type":"EntryPoint","urlTemplate":"https:\/\/altoalfuego.cl\/?s={search_term_string}"},"query-input":{"@type":"PropertyValueSpecification","valueRequired":true,"valueName":"search_term_string"}}],"inLanguage":"es"},{"@type":"Organization","@id":"https:\/\/altoalfuego.cl\/#organization","name":"Alto al Fuego SpA","url":"https:\/\/altoalfuego.cl\/","logo":{"@type":"ImageObject","inLanguage":"es","@id":"https:\/\/altoalfuego.cl\/#\/schema\/logo\/image\/","url":"https:\/\/altoalfuego.cl\/wp-content\/uploads\/2023\/04\/LOGO_BLANCO.jpg","contentUrl":"https:\/\/altoalfuego.cl\/wp-content\/uploads\/2023\/04\/LOGO_BLANCO.jpg","width":1280,"height":1122,"caption":"Alto al Fuego SpA"},"image":{"@id":"https:\/\/altoalfuego.cl\/#\/schema\/logo\/image\/"},"sameAs":["https:\/\/www.instagram.com\/altoalfuegochile\/"]}]}},"_links":{"self":[{"href":"https:\/\/altoalfuego.cl\/index.php\/wp-json\/wp\/v2\/product\/4260","targetHints":{"allow":["GET"]}}],"collection":[{"href":"https:\/\/altoalfuego.cl\/index.php\/wp-json\/wp\/v2\/product"}],"about":[{"href":"https:\/\/altoalfuego.cl\/index.php\/wp-json\/wp\/v2\/types\/product"}],"replies":[{"embeddable":true,"href":"https:\/\/altoalfuego.cl\/index.php\/wp-json\/wp\/v2\/comments?post=4260"}],"wp:featuredmedia":[{"embeddable":true,"href":"https:\/\/altoalfuego.cl\/index.php\/wp-json\/wp\/v2\/media\/5129"}],"wp:attachment":[{"href":"https:\/\/altoalfuego.cl\/index.php\/wp-json\/wp\/v2\/media?parent=4260"}],"wp:term":[{"taxonomy":"product_brand","embeddable":true,"href":"https:\/\/altoalfuego.cl\/index.php\/wp-json\/wp\/v2\/product_brand?post=4260"},{"taxonomy":"product_cat","embeddable":true,"href":"https:\/\/altoalfuego.cl\/index.php\/wp-json\/wp\/v2\/product_cat?post=4260"},{"taxonomy":"product_tag","embeddable":true,"href":"https:\/\/altoalfuego.cl\/index.php\/wp-json\/wp\/v2\/product_tag?post=4260"}],"curies":[{"name":"wp","href":"https:\/\/api.w.org\/{rel}","templated":true}]}}