{"id":4253,"date":"2023-10-11T17:38:03","date_gmt":"2023-10-11T17:38:03","guid":{"rendered":"https:\/\/altoalfuego.cl\/?post_type=product&#038;p=4253"},"modified":"2025-02-19T09:31:56","modified_gmt":"2025-02-19T12:31:56","slug":"manguera-c-storz-mill-blanca-5-elem","status":"publish","type":"product","link":"https:\/\/altoalfuego.cl\/index.php\/producto\/manguera-c-storz-mill-blanca-5-elem\/","title":{"rendered":"Manguera C\/Storz Mill Blanca 5-Elem"},"content":{"rendered":"<p>Fabricada con una camisa interna revestida de goma, m\u00e1s una chaqueta individual de poli\u00e9ster tejida de manera uniforme y firme, sin defectos visibles, su urdimbre o refuerzo consistente en hilos de poli\u00e9ster de alta resistencia, m\u00e1s una trama o relleno de poli\u00e9ster de filamento de baja elongaci\u00f3n y alta resistencia, esta manguera de ataque para operaciones de incendio entrega una gran fidelidad de uso, resistiendo los embates de un uso prolongado.<\/p>\n<ul>\n<li>Uso: Operaciones de extinci\u00f3n de incendios, estructurales \/ forestales \/vehiculares \/ industriales \/ mar\u00edtimos.<\/li>\n<li>Terminales embarrilados de f\u00e1brica de uni\u00f3n storz de aluminio.<\/li>\n<li>Disponible en distintas medidas.<\/li>\n<li>Disponible en colores: Rojo, Blanco y Amarillo.<\/li>\n<li>Producto fabricado con gesti\u00f3n de calidad ISO: 0112- \u00dc125<\/li>\n<li>Certificado T\u00dcV NORD CERT designado para fabricaci\u00f3n de Mangueras de ataque de Incendios.<\/li>\n<li>Garant\u00eda limitada por fallas de f\u00e1brica de 1 a\u00f1o. (Excluye golpes de ariete, exceso de presi\u00f3n, y cortes en su superficie)<\/li>\n<\/ul>\n<h4>Especificaciones<\/h4>\n<table>\n<tbody>\n<tr>\n<td width=\"299\"><strong>Di\u00e1metro<\/strong><\/td>\n<td width=\"299\"><strong>Presi\u00f3n de Trabajo<\/strong><\/td>\n<\/tr>\n<tr>\n<td width=\"299\">1\u201d Pulgada \/ 25.4 mm<\/td>\n<td width=\"299\">21 bar &#8211; 300 psi<\/td>\n<\/tr>\n<tr>\n<td width=\"299\">1 1\/2\u201c Pulgadas \/ 38.1 mm<\/td>\n<td width=\"299\">21 bar &#8211; 300 psi<\/td>\n<\/tr>\n<tr>\n<td width=\"299\">2\u201d Pulgadas \/ 50.8 mm<\/td>\n<td width=\"299\">21 bar \u2013 300 psi<\/td>\n<\/tr>\n<tr>\n<td width=\"299\">2 \u00bd\u201d Pulgadas \/ 63.5 mm<\/td>\n<td width=\"299\">21 bar &#8211; 300 psi<\/td>\n<\/tr>\n<tr>\n<td width=\"299\">3\u201d Pulgadas \/ 76.2 mm<\/td>\n<td width=\"299\">14 bar &#8211; 200 psi<\/td>\n<\/tr>\n<tr>\n<td width=\"299\">Rango de temperaturas de operaci\u00f3n<\/td>\n<td width=\"299\">-33\u00ba C a 80\u00ba C<\/td>\n<\/tr>\n<tr>\n<td width=\"299\">Rango de elongaci\u00f3n<\/td>\n<td width=\"299\">&gt;10%<\/td>\n<\/tr>\n<tr>\n<td width=\"299\">Largo Nominal<\/td>\n<td width=\"299\">20 mt<\/td>\n<\/tr>\n<\/tbody>\n<\/table>\n","protected":false},"excerpt":{"rendered":"<p>Fabricada con una camisa interna revestida de goma, m\u00e1s una chaqueta individual de poli\u00e9ster tejida de manera uniforme y firme, sin defectos visibles, su urdimbre o refuerzo consistente en hilos de poli\u00e9ster de alta resistencia, m\u00e1s una trama o relleno de poli\u00e9ster de filamento de baja elongaci\u00f3n y alta resistencia, esta manguera de ataque para [&hellip;]<\/p>\n","protected":false},"featured_media":5131,"comment_status":"closed","ping_status":"closed","template":"","meta":[],"product_brand":[],"product_cat":[109],"product_tag":[],"class_list":{"0":"post-4253","1":"product","2":"type-product","3":"status-publish","4":"has-post-thumbnail","6":"product_cat-accesorios","8":"first","9":"instock","10":"taxable","11":"shipping-taxable","12":"purchasable","13":"product-type-simple"},"yoast_head":"<!-- This site is optimized with the Yoast SEO plugin v24.7 - https:\/\/yoast.com\/wordpress\/plugins\/seo\/ -->\n<title>Manguera C\/Storz Mill Blanca 5-Elem - Alto al Fuego SpA<\/title>\n<meta name=\"robots\" content=\"index, follow, max-snippet:-1, max-image-preview:large, max-video-preview:-1\" \/>\n<link rel=\"canonical\" href=\"https:\/\/altoalfuego.cl\/index.php\/producto\/manguera-c-storz-mill-blanca-5-elem\/\" \/>\n<meta property=\"og:locale\" content=\"es_ES\" \/>\n<meta property=\"og:type\" content=\"article\" \/>\n<meta property=\"og:title\" content=\"Manguera C\/Storz Mill Blanca 5-Elem - Alto al Fuego SpA\" \/>\n<meta property=\"og:description\" content=\"Fabricada con una camisa interna revestida de goma, m\u00e1s una chaqueta individual de poli\u00e9ster tejida de manera uniforme y firme, sin defectos visibles, su urdimbre o refuerzo consistente en hilos de poli\u00e9ster de alta resistencia, m\u00e1s una trama o relleno de poli\u00e9ster de filamento de baja elongaci\u00f3n y alta resistencia, esta manguera de ataque para [&hellip;]\" \/>\n<meta property=\"og:url\" content=\"https:\/\/altoalfuego.cl\/index.php\/producto\/manguera-c-storz-mill-blanca-5-elem\/\" \/>\n<meta property=\"og:site_name\" content=\"Alto al Fuego SpA\" \/>\n<meta property=\"article:modified_time\" content=\"2025-02-19T12:31:56+00:00\" \/>\n<meta property=\"og:image\" content=\"https:\/\/altoalfuego.cl\/wp-content\/uploads\/2023\/11\/4.jpg\" \/>\n\t<meta property=\"og:image:width\" content=\"1315\" \/>\n\t<meta property=\"og:image:height\" content=\"1271\" \/>\n\t<meta property=\"og:image:type\" content=\"image\/jpeg\" \/>\n<meta name=\"twitter:card\" content=\"summary_large_image\" \/>\n<meta name=\"twitter:label1\" content=\"Tiempo de lectura\" \/>\n\t<meta name=\"twitter:data1\" content=\"1 minuto\" \/>\n<script type=\"application\/ld+json\" class=\"yoast-schema-graph\">{\"@context\":\"https:\/\/schema.org\",\"@graph\":[{\"@type\":\"WebPage\",\"@id\":\"https:\/\/altoalfuego.cl\/index.php\/producto\/manguera-c-storz-mill-blanca-5-elem\/\",\"url\":\"https:\/\/altoalfuego.cl\/index.php\/producto\/manguera-c-storz-mill-blanca-5-elem\/\",\"name\":\"Manguera C\/Storz Mill Blanca 5-Elem - Alto al Fuego SpA\",\"isPartOf\":{\"@id\":\"https:\/\/altoalfuego.cl\/#website\"},\"primaryImageOfPage\":{\"@id\":\"https:\/\/altoalfuego.cl\/index.php\/producto\/manguera-c-storz-mill-blanca-5-elem\/#primaryimage\"},\"image\":{\"@id\":\"https:\/\/altoalfuego.cl\/index.php\/producto\/manguera-c-storz-mill-blanca-5-elem\/#primaryimage\"},\"thumbnailUrl\":\"https:\/\/altoalfuego.cl\/wp-content\/uploads\/2023\/11\/4.jpg\",\"datePublished\":\"2023-10-11T17:38:03+00:00\",\"dateModified\":\"2025-02-19T12:31:56+00:00\",\"breadcrumb\":{\"@id\":\"https:\/\/altoalfuego.cl\/index.php\/producto\/manguera-c-storz-mill-blanca-5-elem\/#breadcrumb\"},\"inLanguage\":\"es\",\"potentialAction\":[{\"@type\":\"ReadAction\",\"target\":[\"https:\/\/altoalfuego.cl\/index.php\/producto\/manguera-c-storz-mill-blanca-5-elem\/\"]}]},{\"@type\":\"ImageObject\",\"inLanguage\":\"es\",\"@id\":\"https:\/\/altoalfuego.cl\/index.php\/producto\/manguera-c-storz-mill-blanca-5-elem\/#primaryimage\",\"url\":\"https:\/\/altoalfuego.cl\/wp-content\/uploads\/2023\/11\/4.jpg\",\"contentUrl\":\"https:\/\/altoalfuego.cl\/wp-content\/uploads\/2023\/11\/4.jpg\",\"width\":1315,\"height\":1271},{\"@type\":\"BreadcrumbList\",\"@id\":\"https:\/\/altoalfuego.cl\/index.php\/producto\/manguera-c-storz-mill-blanca-5-elem\/#breadcrumb\",\"itemListElement\":[{\"@type\":\"ListItem\",\"position\":1,\"name\":\"Portada\",\"item\":\"https:\/\/altoalfuego.cl\/\"},{\"@type\":\"ListItem\",\"position\":2,\"name\":\"Tienda\",\"item\":\"https:\/\/altoalfuego.cl\/index.php\/tienda\/\"},{\"@type\":\"ListItem\",\"position\":3,\"name\":\"Manguera C\/Storz Mill Blanca 5-Elem\"}]},{\"@type\":\"WebSite\",\"@id\":\"https:\/\/altoalfuego.cl\/#website\",\"url\":\"https:\/\/altoalfuego.cl\/\",\"name\":\"Alto al Fuego SpA\",\"description\":\"Carros m\u00f3viles contra incendios, Otorgamos la posibilidad de combatir un incendio desde su inicio, mientras acude el equipo especializado de bomberos\",\"publisher\":{\"@id\":\"https:\/\/altoalfuego.cl\/#organization\"},\"potentialAction\":[{\"@type\":\"SearchAction\",\"target\":{\"@type\":\"EntryPoint\",\"urlTemplate\":\"https:\/\/altoalfuego.cl\/?s={search_term_string}\"},\"query-input\":{\"@type\":\"PropertyValueSpecification\",\"valueRequired\":true,\"valueName\":\"search_term_string\"}}],\"inLanguage\":\"es\"},{\"@type\":\"Organization\",\"@id\":\"https:\/\/altoalfuego.cl\/#organization\",\"name\":\"Alto al Fuego SpA\",\"url\":\"https:\/\/altoalfuego.cl\/\",\"logo\":{\"@type\":\"ImageObject\",\"inLanguage\":\"es\",\"@id\":\"https:\/\/altoalfuego.cl\/#\/schema\/logo\/image\/\",\"url\":\"https:\/\/altoalfuego.cl\/wp-content\/uploads\/2023\/04\/LOGO_BLANCO.jpg\",\"contentUrl\":\"https:\/\/altoalfuego.cl\/wp-content\/uploads\/2023\/04\/LOGO_BLANCO.jpg\",\"width\":1280,\"height\":1122,\"caption\":\"Alto al Fuego SpA\"},\"image\":{\"@id\":\"https:\/\/altoalfuego.cl\/#\/schema\/logo\/image\/\"},\"sameAs\":[\"https:\/\/www.instagram.com\/altoalfuegochile\/\"]}]}<\/script>\n<!-- \/ Yoast SEO plugin. -->","yoast_head_json":{"title":"Manguera C\/Storz Mill Blanca 5-Elem - Alto al Fuego SpA","robots":{"index":"index","follow":"follow","max-snippet":"max-snippet:-1","max-image-preview":"max-image-preview:large","max-video-preview":"max-video-preview:-1"},"canonical":"https:\/\/altoalfuego.cl\/index.php\/producto\/manguera-c-storz-mill-blanca-5-elem\/","og_locale":"es_ES","og_type":"article","og_title":"Manguera C\/Storz Mill Blanca 5-Elem - Alto al Fuego SpA","og_description":"Fabricada con una camisa interna revestida de goma, m\u00e1s una chaqueta individual de poli\u00e9ster tejida de manera uniforme y firme, sin defectos visibles, su urdimbre o refuerzo consistente en hilos de poli\u00e9ster de alta resistencia, m\u00e1s una trama o relleno de poli\u00e9ster de filamento de baja elongaci\u00f3n y alta resistencia, esta manguera de ataque para [&hellip;]","og_url":"https:\/\/altoalfuego.cl\/index.php\/producto\/manguera-c-storz-mill-blanca-5-elem\/","og_site_name":"Alto al Fuego SpA","article_modified_time":"2025-02-19T12:31:56+00:00","og_image":[{"width":1315,"height":1271,"url":"https:\/\/altoalfuego.cl\/wp-content\/uploads\/2023\/11\/4.jpg","type":"image\/jpeg"}],"twitter_card":"summary_large_image","twitter_misc":{"Tiempo de lectura":"1 minuto"},"schema":{"@context":"https:\/\/schema.org","@graph":[{"@type":"WebPage","@id":"https:\/\/altoalfuego.cl\/index.php\/producto\/manguera-c-storz-mill-blanca-5-elem\/","url":"https:\/\/altoalfuego.cl\/index.php\/producto\/manguera-c-storz-mill-blanca-5-elem\/","name":"Manguera C\/Storz Mill Blanca 5-Elem - Alto al Fuego SpA","isPartOf":{"@id":"https:\/\/altoalfuego.cl\/#website"},"primaryImageOfPage":{"@id":"https:\/\/altoalfuego.cl\/index.php\/producto\/manguera-c-storz-mill-blanca-5-elem\/#primaryimage"},"image":{"@id":"https:\/\/altoalfuego.cl\/index.php\/producto\/manguera-c-storz-mill-blanca-5-elem\/#primaryimage"},"thumbnailUrl":"https:\/\/altoalfuego.cl\/wp-content\/uploads\/2023\/11\/4.jpg","datePublished":"2023-10-11T17:38:03+00:00","dateModified":"2025-02-19T12:31:56+00:00","breadcrumb":{"@id":"https:\/\/altoalfuego.cl\/index.php\/producto\/manguera-c-storz-mill-blanca-5-elem\/#breadcrumb"},"inLanguage":"es","potentialAction":[{"@type":"ReadAction","target":["https:\/\/altoalfuego.cl\/index.php\/producto\/manguera-c-storz-mill-blanca-5-elem\/"]}]},{"@type":"ImageObject","inLanguage":"es","@id":"https:\/\/altoalfuego.cl\/index.php\/producto\/manguera-c-storz-mill-blanca-5-elem\/#primaryimage","url":"https:\/\/altoalfuego.cl\/wp-content\/uploads\/2023\/11\/4.jpg","contentUrl":"https:\/\/altoalfuego.cl\/wp-content\/uploads\/2023\/11\/4.jpg","width":1315,"height":1271},{"@type":"BreadcrumbList","@id":"https:\/\/altoalfuego.cl\/index.php\/producto\/manguera-c-storz-mill-blanca-5-elem\/#breadcrumb","itemListElement":[{"@type":"ListItem","position":1,"name":"Portada","item":"https:\/\/altoalfuego.cl\/"},{"@type":"ListItem","position":2,"name":"Tienda","item":"https:\/\/altoalfuego.cl\/index.php\/tienda\/"},{"@type":"ListItem","position":3,"name":"Manguera C\/Storz Mill Blanca 5-Elem"}]},{"@type":"WebSite","@id":"https:\/\/altoalfuego.cl\/#website","url":"https:\/\/altoalfuego.cl\/","name":"Alto al Fuego SpA","description":"Carros m\u00f3viles contra incendios, Otorgamos la posibilidad de combatir un incendio desde su inicio, mientras acude el equipo especializado de bomberos","publisher":{"@id":"https:\/\/altoalfuego.cl\/#organization"},"potentialAction":[{"@type":"SearchAction","target":{"@type":"EntryPoint","urlTemplate":"https:\/\/altoalfuego.cl\/?s={search_term_string}"},"query-input":{"@type":"PropertyValueSpecification","valueRequired":true,"valueName":"search_term_string"}}],"inLanguage":"es"},{"@type":"Organization","@id":"https:\/\/altoalfuego.cl\/#organization","name":"Alto al Fuego SpA","url":"https:\/\/altoalfuego.cl\/","logo":{"@type":"ImageObject","inLanguage":"es","@id":"https:\/\/altoalfuego.cl\/#\/schema\/logo\/image\/","url":"https:\/\/altoalfuego.cl\/wp-content\/uploads\/2023\/04\/LOGO_BLANCO.jpg","contentUrl":"https:\/\/altoalfuego.cl\/wp-content\/uploads\/2023\/04\/LOGO_BLANCO.jpg","width":1280,"height":1122,"caption":"Alto al Fuego SpA"},"image":{"@id":"https:\/\/altoalfuego.cl\/#\/schema\/logo\/image\/"},"sameAs":["https:\/\/www.instagram.com\/altoalfuegochile\/"]}]}},"_links":{"self":[{"href":"https:\/\/altoalfuego.cl\/index.php\/wp-json\/wp\/v2\/product\/4253","targetHints":{"allow":["GET"]}}],"collection":[{"href":"https:\/\/altoalfuego.cl\/index.php\/wp-json\/wp\/v2\/product"}],"about":[{"href":"https:\/\/altoalfuego.cl\/index.php\/wp-json\/wp\/v2\/types\/product"}],"replies":[{"embeddable":true,"href":"https:\/\/altoalfuego.cl\/index.php\/wp-json\/wp\/v2\/comments?post=4253"}],"wp:featuredmedia":[{"embeddable":true,"href":"https:\/\/altoalfuego.cl\/index.php\/wp-json\/wp\/v2\/media\/5131"}],"wp:attachment":[{"href":"https:\/\/altoalfuego.cl\/index.php\/wp-json\/wp\/v2\/media?parent=4253"}],"wp:term":[{"taxonomy":"product_brand","embeddable":true,"href":"https:\/\/altoalfuego.cl\/index.php\/wp-json\/wp\/v2\/product_brand?post=4253"},{"taxonomy":"product_cat","embeddable":true,"href":"https:\/\/altoalfuego.cl\/index.php\/wp-json\/wp\/v2\/product_cat?post=4253"},{"taxonomy":"product_tag","embeddable":true,"href":"https:\/\/altoalfuego.cl\/index.php\/wp-json\/wp\/v2\/product_tag?post=4253"}],"curies":[{"name":"wp","href":"https:\/\/api.w.org\/{rel}","templated":true}]}}