{"id":4245,"date":"2023-10-10T22:47:26","date_gmt":"2023-10-10T22:47:26","guid":{"rendered":"https:\/\/altoalfuego.cl\/?post_type=product&#038;p=4245"},"modified":"2025-02-19T09:32:39","modified_gmt":"2025-02-19T12:32:39","slug":"guantes-de-proteccion-contra-incendios","status":"publish","type":"product","link":"https:\/\/altoalfuego.cl\/index.php\/producto\/guantes-de-proteccion-contra-incendios\/","title":{"rendered":"Guantes de protecci\u00f3n contra incendios"},"content":{"rendered":"<p>Su tela principal mezclada con tela ign\u00edfuga de aramida para componer y en, la introducci\u00f3n del proceso de fabricaci\u00f3n avanzado de Hilado, tejido, costura y equipos de prueba y tecnolog\u00eda de producci\u00f3n avanzada, hace que el producto tenga varias propiedades excelentes, como retardante de llama, aislamiento t\u00e9rmico, transpirable, c\u00f3modo.<u><\/u><u><\/u><\/p>\n<p>Caracter\u00edsticas:<u><\/u><u><\/u><\/p>\n<ul type=\"disc\">\n<li>Retardante de llama<u><\/u><u><\/u><\/li>\n<li>Aislamiento t\u00e9rmico<u><\/u><u><\/u><\/li>\n<li>Alta tenacidad resistente al desgaste<u><\/u><u><\/u><\/li>\n<li>Antideslizante<\/li>\n<\/ul>\n","protected":false},"excerpt":{"rendered":"<p>Su tela principal mezclada con tela ign\u00edfuga de aramida para componer y en, la introducci\u00f3n del proceso de fabricaci\u00f3n avanzado de Hilado, tejido, costura y equipos de prueba y tecnolog\u00eda de producci\u00f3n avanzada, hace que el producto tenga varias propiedades excelentes, como retardante de llama, aislamiento t\u00e9rmico, transpirable, c\u00f3modo. Caracter\u00edsticas: Retardante de llama Aislamiento t\u00e9rmico [&hellip;]<\/p>\n","protected":false},"featured_media":5134,"comment_status":"closed","ping_status":"closed","template":"","meta":[],"product_brand":[],"product_cat":[109],"product_tag":[],"class_list":{"0":"post-4245","1":"product","2":"type-product","3":"status-publish","4":"has-post-thumbnail","6":"product_cat-accesorios","8":"first","9":"instock","10":"taxable","11":"shipping-taxable","12":"purchasable","13":"product-type-simple"},"yoast_head":"<!-- This site is optimized with the Yoast SEO plugin v24.7 - https:\/\/yoast.com\/wordpress\/plugins\/seo\/ -->\n<title>Guantes de protecci\u00f3n contra incendios - Alto al Fuego SpA<\/title>\n<meta name=\"robots\" content=\"index, follow, max-snippet:-1, max-image-preview:large, max-video-preview:-1\" \/>\n<link rel=\"canonical\" href=\"https:\/\/altoalfuego.cl\/index.php\/producto\/guantes-de-proteccion-contra-incendios\/\" \/>\n<meta property=\"og:locale\" content=\"es_ES\" \/>\n<meta property=\"og:type\" content=\"article\" \/>\n<meta property=\"og:title\" content=\"Guantes de protecci\u00f3n contra incendios - Alto al Fuego SpA\" \/>\n<meta property=\"og:description\" content=\"Su tela principal mezclada con tela ign\u00edfuga de aramida para componer y en, la introducci\u00f3n del proceso de fabricaci\u00f3n avanzado de Hilado, tejido, costura y equipos de prueba y tecnolog\u00eda de producci\u00f3n avanzada, hace que el producto tenga varias propiedades excelentes, como retardante de llama, aislamiento t\u00e9rmico, transpirable, c\u00f3modo. Caracter\u00edsticas: Retardante de llama Aislamiento t\u00e9rmico [&hellip;]\" \/>\n<meta property=\"og:url\" content=\"https:\/\/altoalfuego.cl\/index.php\/producto\/guantes-de-proteccion-contra-incendios\/\" \/>\n<meta property=\"og:site_name\" content=\"Alto al Fuego SpA\" \/>\n<meta property=\"article:modified_time\" content=\"2025-02-19T12:32:39+00:00\" \/>\n<meta property=\"og:image\" content=\"https:\/\/altoalfuego.cl\/wp-content\/uploads\/2023\/11\/1.jpg\" \/>\n\t<meta property=\"og:image:width\" content=\"1315\" \/>\n\t<meta property=\"og:image:height\" content=\"1271\" \/>\n\t<meta property=\"og:image:type\" content=\"image\/jpeg\" \/>\n<meta name=\"twitter:card\" content=\"summary_large_image\" \/>\n<script type=\"application\/ld+json\" class=\"yoast-schema-graph\">{\"@context\":\"https:\/\/schema.org\",\"@graph\":[{\"@type\":\"WebPage\",\"@id\":\"https:\/\/altoalfuego.cl\/index.php\/producto\/guantes-de-proteccion-contra-incendios\/\",\"url\":\"https:\/\/altoalfuego.cl\/index.php\/producto\/guantes-de-proteccion-contra-incendios\/\",\"name\":\"Guantes de protecci\u00f3n contra incendios - Alto al Fuego SpA\",\"isPartOf\":{\"@id\":\"https:\/\/altoalfuego.cl\/#website\"},\"primaryImageOfPage\":{\"@id\":\"https:\/\/altoalfuego.cl\/index.php\/producto\/guantes-de-proteccion-contra-incendios\/#primaryimage\"},\"image\":{\"@id\":\"https:\/\/altoalfuego.cl\/index.php\/producto\/guantes-de-proteccion-contra-incendios\/#primaryimage\"},\"thumbnailUrl\":\"https:\/\/altoalfuego.cl\/wp-content\/uploads\/2023\/11\/1.jpg\",\"datePublished\":\"2023-10-10T22:47:26+00:00\",\"dateModified\":\"2025-02-19T12:32:39+00:00\",\"breadcrumb\":{\"@id\":\"https:\/\/altoalfuego.cl\/index.php\/producto\/guantes-de-proteccion-contra-incendios\/#breadcrumb\"},\"inLanguage\":\"es\",\"potentialAction\":[{\"@type\":\"ReadAction\",\"target\":[\"https:\/\/altoalfuego.cl\/index.php\/producto\/guantes-de-proteccion-contra-incendios\/\"]}]},{\"@type\":\"ImageObject\",\"inLanguage\":\"es\",\"@id\":\"https:\/\/altoalfuego.cl\/index.php\/producto\/guantes-de-proteccion-contra-incendios\/#primaryimage\",\"url\":\"https:\/\/altoalfuego.cl\/wp-content\/uploads\/2023\/11\/1.jpg\",\"contentUrl\":\"https:\/\/altoalfuego.cl\/wp-content\/uploads\/2023\/11\/1.jpg\",\"width\":1315,\"height\":1271},{\"@type\":\"BreadcrumbList\",\"@id\":\"https:\/\/altoalfuego.cl\/index.php\/producto\/guantes-de-proteccion-contra-incendios\/#breadcrumb\",\"itemListElement\":[{\"@type\":\"ListItem\",\"position\":1,\"name\":\"Portada\",\"item\":\"https:\/\/altoalfuego.cl\/\"},{\"@type\":\"ListItem\",\"position\":2,\"name\":\"Tienda\",\"item\":\"https:\/\/altoalfuego.cl\/index.php\/tienda\/\"},{\"@type\":\"ListItem\",\"position\":3,\"name\":\"Guantes de protecci\u00f3n contra incendios\"}]},{\"@type\":\"WebSite\",\"@id\":\"https:\/\/altoalfuego.cl\/#website\",\"url\":\"https:\/\/altoalfuego.cl\/\",\"name\":\"Alto al Fuego SpA\",\"description\":\"Carros m\u00f3viles contra incendios, Otorgamos la posibilidad de combatir un incendio desde su inicio, mientras acude el equipo especializado de bomberos\",\"publisher\":{\"@id\":\"https:\/\/altoalfuego.cl\/#organization\"},\"potentialAction\":[{\"@type\":\"SearchAction\",\"target\":{\"@type\":\"EntryPoint\",\"urlTemplate\":\"https:\/\/altoalfuego.cl\/?s={search_term_string}\"},\"query-input\":{\"@type\":\"PropertyValueSpecification\",\"valueRequired\":true,\"valueName\":\"search_term_string\"}}],\"inLanguage\":\"es\"},{\"@type\":\"Organization\",\"@id\":\"https:\/\/altoalfuego.cl\/#organization\",\"name\":\"Alto al Fuego SpA\",\"url\":\"https:\/\/altoalfuego.cl\/\",\"logo\":{\"@type\":\"ImageObject\",\"inLanguage\":\"es\",\"@id\":\"https:\/\/altoalfuego.cl\/#\/schema\/logo\/image\/\",\"url\":\"https:\/\/altoalfuego.cl\/wp-content\/uploads\/2023\/04\/LOGO_BLANCO.jpg\",\"contentUrl\":\"https:\/\/altoalfuego.cl\/wp-content\/uploads\/2023\/04\/LOGO_BLANCO.jpg\",\"width\":1280,\"height\":1122,\"caption\":\"Alto al Fuego SpA\"},\"image\":{\"@id\":\"https:\/\/altoalfuego.cl\/#\/schema\/logo\/image\/\"},\"sameAs\":[\"https:\/\/www.instagram.com\/altoalfuegochile\/\"]}]}<\/script>\n<!-- \/ Yoast SEO plugin. -->","yoast_head_json":{"title":"Guantes de protecci\u00f3n contra incendios - Alto al Fuego SpA","robots":{"index":"index","follow":"follow","max-snippet":"max-snippet:-1","max-image-preview":"max-image-preview:large","max-video-preview":"max-video-preview:-1"},"canonical":"https:\/\/altoalfuego.cl\/index.php\/producto\/guantes-de-proteccion-contra-incendios\/","og_locale":"es_ES","og_type":"article","og_title":"Guantes de protecci\u00f3n contra incendios - Alto al Fuego SpA","og_description":"Su tela principal mezclada con tela ign\u00edfuga de aramida para componer y en, la introducci\u00f3n del proceso de fabricaci\u00f3n avanzado de Hilado, tejido, costura y equipos de prueba y tecnolog\u00eda de producci\u00f3n avanzada, hace que el producto tenga varias propiedades excelentes, como retardante de llama, aislamiento t\u00e9rmico, transpirable, c\u00f3modo. Caracter\u00edsticas: Retardante de llama Aislamiento t\u00e9rmico [&hellip;]","og_url":"https:\/\/altoalfuego.cl\/index.php\/producto\/guantes-de-proteccion-contra-incendios\/","og_site_name":"Alto al Fuego SpA","article_modified_time":"2025-02-19T12:32:39+00:00","og_image":[{"width":1315,"height":1271,"url":"https:\/\/altoalfuego.cl\/wp-content\/uploads\/2023\/11\/1.jpg","type":"image\/jpeg"}],"twitter_card":"summary_large_image","schema":{"@context":"https:\/\/schema.org","@graph":[{"@type":"WebPage","@id":"https:\/\/altoalfuego.cl\/index.php\/producto\/guantes-de-proteccion-contra-incendios\/","url":"https:\/\/altoalfuego.cl\/index.php\/producto\/guantes-de-proteccion-contra-incendios\/","name":"Guantes de protecci\u00f3n contra incendios - Alto al Fuego SpA","isPartOf":{"@id":"https:\/\/altoalfuego.cl\/#website"},"primaryImageOfPage":{"@id":"https:\/\/altoalfuego.cl\/index.php\/producto\/guantes-de-proteccion-contra-incendios\/#primaryimage"},"image":{"@id":"https:\/\/altoalfuego.cl\/index.php\/producto\/guantes-de-proteccion-contra-incendios\/#primaryimage"},"thumbnailUrl":"https:\/\/altoalfuego.cl\/wp-content\/uploads\/2023\/11\/1.jpg","datePublished":"2023-10-10T22:47:26+00:00","dateModified":"2025-02-19T12:32:39+00:00","breadcrumb":{"@id":"https:\/\/altoalfuego.cl\/index.php\/producto\/guantes-de-proteccion-contra-incendios\/#breadcrumb"},"inLanguage":"es","potentialAction":[{"@type":"ReadAction","target":["https:\/\/altoalfuego.cl\/index.php\/producto\/guantes-de-proteccion-contra-incendios\/"]}]},{"@type":"ImageObject","inLanguage":"es","@id":"https:\/\/altoalfuego.cl\/index.php\/producto\/guantes-de-proteccion-contra-incendios\/#primaryimage","url":"https:\/\/altoalfuego.cl\/wp-content\/uploads\/2023\/11\/1.jpg","contentUrl":"https:\/\/altoalfuego.cl\/wp-content\/uploads\/2023\/11\/1.jpg","width":1315,"height":1271},{"@type":"BreadcrumbList","@id":"https:\/\/altoalfuego.cl\/index.php\/producto\/guantes-de-proteccion-contra-incendios\/#breadcrumb","itemListElement":[{"@type":"ListItem","position":1,"name":"Portada","item":"https:\/\/altoalfuego.cl\/"},{"@type":"ListItem","position":2,"name":"Tienda","item":"https:\/\/altoalfuego.cl\/index.php\/tienda\/"},{"@type":"ListItem","position":3,"name":"Guantes de protecci\u00f3n contra incendios"}]},{"@type":"WebSite","@id":"https:\/\/altoalfuego.cl\/#website","url":"https:\/\/altoalfuego.cl\/","name":"Alto al Fuego SpA","description":"Carros m\u00f3viles contra incendios, Otorgamos la posibilidad de combatir un incendio desde su inicio, mientras acude el equipo especializado de bomberos","publisher":{"@id":"https:\/\/altoalfuego.cl\/#organization"},"potentialAction":[{"@type":"SearchAction","target":{"@type":"EntryPoint","urlTemplate":"https:\/\/altoalfuego.cl\/?s={search_term_string}"},"query-input":{"@type":"PropertyValueSpecification","valueRequired":true,"valueName":"search_term_string"}}],"inLanguage":"es"},{"@type":"Organization","@id":"https:\/\/altoalfuego.cl\/#organization","name":"Alto al Fuego SpA","url":"https:\/\/altoalfuego.cl\/","logo":{"@type":"ImageObject","inLanguage":"es","@id":"https:\/\/altoalfuego.cl\/#\/schema\/logo\/image\/","url":"https:\/\/altoalfuego.cl\/wp-content\/uploads\/2023\/04\/LOGO_BLANCO.jpg","contentUrl":"https:\/\/altoalfuego.cl\/wp-content\/uploads\/2023\/04\/LOGO_BLANCO.jpg","width":1280,"height":1122,"caption":"Alto al Fuego SpA"},"image":{"@id":"https:\/\/altoalfuego.cl\/#\/schema\/logo\/image\/"},"sameAs":["https:\/\/www.instagram.com\/altoalfuegochile\/"]}]}},"_links":{"self":[{"href":"https:\/\/altoalfuego.cl\/index.php\/wp-json\/wp\/v2\/product\/4245","targetHints":{"allow":["GET"]}}],"collection":[{"href":"https:\/\/altoalfuego.cl\/index.php\/wp-json\/wp\/v2\/product"}],"about":[{"href":"https:\/\/altoalfuego.cl\/index.php\/wp-json\/wp\/v2\/types\/product"}],"replies":[{"embeddable":true,"href":"https:\/\/altoalfuego.cl\/index.php\/wp-json\/wp\/v2\/comments?post=4245"}],"wp:featuredmedia":[{"embeddable":true,"href":"https:\/\/altoalfuego.cl\/index.php\/wp-json\/wp\/v2\/media\/5134"}],"wp:attachment":[{"href":"https:\/\/altoalfuego.cl\/index.php\/wp-json\/wp\/v2\/media?parent=4245"}],"wp:term":[{"taxonomy":"product_brand","embeddable":true,"href":"https:\/\/altoalfuego.cl\/index.php\/wp-json\/wp\/v2\/product_brand?post=4245"},{"taxonomy":"product_cat","embeddable":true,"href":"https:\/\/altoalfuego.cl\/index.php\/wp-json\/wp\/v2\/product_cat?post=4245"},{"taxonomy":"product_tag","embeddable":true,"href":"https:\/\/altoalfuego.cl\/index.php\/wp-json\/wp\/v2\/product_tag?post=4245"}],"curies":[{"name":"wp","href":"https:\/\/api.w.org\/{rel}","templated":true}]}}